{"id":1733,"date":"2019-11-12T19:06:34","date_gmt":"2019-11-12T18:06:34","guid":{"rendered":"http:\/\/therapie-breve-rennes.fr\/?page_id=1733"},"modified":"2023-09-24T09:49:20","modified_gmt":"2023-09-24T07:49:20","slug":"la-seance","status":"publish","type":"page","link":"https:\/\/therapie-breve-rennes.fr\/index.php\/la-seance\/","title":{"rendered":"D\u00e9roul\u00e9 &#038; lieux"},"content":{"rendered":"<div class=\"wpb-content-wrapper\"><p>[vc_row equal_height=\u00a0\u00bbyes\u00a0\u00bb content_placement=\u00a0\u00bbtop\u00a0\u00bb css=\u00a0\u00bb.vc_custom_1583599000226{padding-top: 70px !important;padding-bottom: 30px !important;}\u00a0\u00bb][vc_column width=\u00a0\u00bb1\/3&Prime; css=\u00a0\u00bb.vc_custom_1571477821281{padding-bottom: 30px !important;}\u00a0\u00bb]<div id=\"ultimate-heading-985969e019c47598d\" class=\"uvc-heading ult-adjust-bottom-margin ultimate-heading-985969e019c47598d uvc-5006 \" data-hspacer=\"no_spacer\"  data-halign=\"left\" style=\"text-align:left\"><div class=\"uvc-heading-spacer no_spacer\" style=\"top\"><\/div><div class=\"uvc-main-heading ult-responsive\"  data-ultimate-target='.uvc-heading.ultimate-heading-985969e019c47598d h1'  data-responsive-json-new='{\"font-size\":\"tablet_portrait:34px;\",\"line-height\":\"tablet_portrait:44px;\"}' ><h1 style=\"font-weight:normal;margin-bottom:20px;\">Les grandes lignes<\/h1><\/div><\/div><div class=\"hr-thin style-line hr-left\" style=\"width: 70px;border-color: #2e2b36;border-top-width: 3px;\"><\/div><div id=\"ultimate-heading-36469e019c4759e7\" class=\"uvc-heading ult-adjust-bottom-margin ultimate-heading-36469e019c4759e7 uvc-940 \" data-hspacer=\"no_spacer\"  data-halign=\"left\" style=\"text-align:left\"><div class=\"uvc-heading-spacer no_spacer\" style=\"top\"><\/div><div class=\"uvc-sub-heading ult-responsive\"  data-ultimate-target='.uvc-heading.ultimate-heading-36469e019c4759e7 .uvc-sub-heading '  data-responsive-json-new='{\"font-size\":\"desktop:17px;\",\"line-height\":\"\"}'  style=\"font-weight:normal;color:#707070;margin-top:10px;\"><span style=\"color: #000000;\">Comment se passe la s\u00e9ance ?<\/span><\/div><\/div>[\/vc_column][vc_column width=\u00a0\u00bb2\/3&Prime; css=\u00a0\u00bb.vc_custom_1571477868281{padding-bottom: 30px !important;}\u00a0\u00bb][vc_column_text]<\/p>\n<p style=\"text-align: justify;\"><span style=\"color: #000000;\">L\u2019accompagnement durant la s\u00e9ance vise \u00e0 <strong>comprendre<\/strong>, sans jugement, les <strong>interactions<\/strong> et les <strong>m\u00e9canismes \u00e9motionnels<\/strong> qui se nouent entre les diff\u00e9rents acteurs du probl\u00e8me.<\/span><\/p>\n<p style=\"text-align: justify;\"><span style=\"color: #000000;\">Pour aider au <strong>changement d\u00e9sir\u00e9<\/strong>, le th\u00e9rapeute syst\u00e9mique\/strat\u00e9gique cherche d\u2019abord comment la personne a tent\u00e9 de r\u00e9soudre son probl\u00e8me sans pouvoir y parvenir par ses propres moyens.<\/span><\/p>\n<p>Je propose ensuite en fin de s\u00e9ance, des <strong>t\u00e2ches<\/strong> \u00e0 r\u00e9aliser dans sa vie quotidienne pour permettre \u00e0 la personne de cr\u00e9er une dynamique de changement et r\u00e9soudre ainsi son probl\u00e8me.<\/p>\n<p>&nbsp;<\/p>\n<p>&nbsp;<\/p>\n<p>[\/vc_column_text][\/vc_column][\/vc_row][vc_row full_width=\u00a0\u00bbstretch_row_content_no_spaces\u00a0\u00bb equal_height=\u00a0\u00bbyes\u00a0\u00bb content_placement=\u00a0\u00bbtop\u00a0\u00bb][vc_column css=\u00a0\u00bb.vc_custom_1573633937451{padding-top: 170px !important;padding-right: 50px !important;padding-bottom: 170px !important;padding-left: 50px !important;background: #ececec url(http:\/\/therapie-breve-rennes.fr\/wp-content\/uploads\/2019\/11\/emmanuel-seance3.jpg?id=1748) !important;background-position: center !important;background-repeat: no-repeat !important;background-size: cover !important;}\u00a0\u00bb offset=\u00a0\u00bbvc_col-lg-6 vc_col-md-6 vc_col-xs-12&Prime;][\/vc_column][vc_column css=\u00a0\u00bb.vc_custom_1573830822018{padding-top: 50px !important;padding-right: 50px !important;padding-bottom: 50px !important;padding-left: 50px !important;background-color: #2e2b36 !important;background-position: center !important;background-repeat: no-repeat !important;background-size: cover !important;}\u00a0\u00bb offset=\u00a0\u00bbvc_col-lg-6 vc_col-md-6 vc_col-xs-12&Prime;]<div id=\"ultimate-heading-262969e019c475a0a\" class=\"uvc-heading ult-adjust-bottom-margin ultimate-heading-262969e019c475a0a uvc-9090 \" data-hspacer=\"no_spacer\"  data-halign=\"left\" style=\"text-align:left\"><div class=\"uvc-heading-spacer no_spacer\" style=\"top\"><\/div><div class=\"uvc-main-heading ult-responsive\"  data-ultimate-target='.uvc-heading.ultimate-heading-262969e019c475a0a h2'  data-responsive-json-new='{\"font-size\":\"\",\"line-height\":\"\"}' ><h2 style=\"font-weight:normal;color:#ffffff;margin-bottom:30px;\">D\u00e9roul\u00e9 de la s\u00e9ance<\/h2><\/div><div class=\"uvc-sub-heading ult-responsive\"  data-ultimate-target='.uvc-heading.ultimate-heading-262969e019c475a0a .uvc-sub-heading '  data-responsive-json-new='{\"font-size\":\"\",\"line-height\":\"\"}'  style=\"font-weight:normal;color:#ffffff;margin-bottom:30px;\"><b>TH\u00c9RAPIE STRAT\u00c9GIQUE<\/b><\/p>\n<p style=\"text-align: justify;\">La th\u00e9rapie \/ le coaching met en place, de fa\u00e7on tr\u00e8s concr\u00e8te et pragmatique, une dynamique de changement face aux objectifs de la personne accompagn\u00e9e en lui proposant <b>des t\u00e2ches ou actions \u00e0 r\u00e9aliser d&rsquo;une s\u00e9ance \u00e0 l&rsquo;autre<\/b>.<\/p>\n<p>&nbsp;<\/p>\n<p><b>TH\u00c9RAPIE BR\u00c8VE<\/b><strong>\u00a0<\/strong><\/p>\n<p style=\"text-align: justify;\">Car elle <strong>se prolonge d\u2019une s\u00e9ance \u00e0 l\u2019autre<\/strong> par le travail que la personne accompagn\u00e9e r\u00e9alise sur elle-m\u00eame ou avec les autres acteurs du probl\u00e8me en suivant les t\u00e2ches prescrites par le th\u00e9rapeute.<\/p>\n<p><\/div><\/div>[\/vc_column][\/vc_row][vc_row full_width=\u00a0\u00bbstretch_row_content_no_spaces\u00a0\u00bb equal_height=\u00a0\u00bbyes\u00a0\u00bb content_placement=\u00a0\u00bbtop\u00a0\u00bb el_class=\u00a0\u00bbreverse-row-on-mobile\u00a0\u00bb][vc_column css=\u00a0\u00bb.vc_custom_1574867360454{padding-top: 50px !important;padding-right: 50px !important;padding-bottom: 50px !important;padding-left: 50px !important;background-color: #ececec !important;}\u00a0\u00bb offset=\u00a0\u00bbvc_col-lg-6 vc_col-md-6 vc_col-xs-12&Prime;]<div id=\"ultimate-heading-56869e019c475a2e\" class=\"uvc-heading ult-adjust-bottom-margin ultimate-heading-56869e019c475a2e uvc-6559 \" data-hspacer=\"no_spacer\"  data-halign=\"left\" style=\"text-align:left\"><div class=\"uvc-heading-spacer no_spacer\" style=\"top\"><\/div><div class=\"uvc-main-heading ult-responsive\"  data-ultimate-target='.uvc-heading.ultimate-heading-56869e019c475a2e h2'  data-responsive-json-new='{\"font-size\":\"\",\"line-height\":\"\"}' ><h2 style=\"font-weight:normal;color:#000000;margin-bottom:30px;\">Dur\u00e9e &amp; honoraires<\/h2><\/div><div class=\"uvc-sub-heading ult-responsive\"  data-ultimate-target='.uvc-heading.ultimate-heading-56869e019c475a2e .uvc-sub-heading '  data-responsive-json-new='{\"font-size\":\"\",\"line-height\":\"\"}'  style=\"font-weight:normal;color:#000000;margin-bottom:30px;\"><b>DUR\u00c9E<\/b><b><\/b><\/p>\n<ul>\n<li>Chaque rendez-vous dure entre 45 min et 1h.<\/li>\n<\/ul>\n<p>&nbsp;<\/p>\n<ul>\n<li>Pour les s\u00e9ances d&rsquo;IMO (Int\u00e9gration par les Mouvements Oculaires) : gestion des chocs post-traumas, chaque s\u00e9ance dure 1h30<\/li>\n<\/ul>\n<p>&nbsp;<\/p>\n<p><b>CALENDRIER<\/b><\/p>\n<p style=\"text-align: justify;\"><b>Le cabinet est ouvert tous les jours de la semaine du lundi au vendredi de 8h \u00e0 19h<\/b><b>.<br \/>\n<\/b>J&rsquo;accompagne en<b> th\u00e9rapie ou coaching <\/b>toute personne d\u00e9sireuse de changement, y compris les <strong>professionnels<\/strong> sur leur <strong>lieu de travail<\/strong>, si cela est n\u00e9cessaire.<\/p>\n<p>&nbsp;<\/p>\n<p style=\"text-align: justify;\"><b>HONORAIRES<\/b><\/p>\n<p style=\"text-align: justify;\">70 \u20ac \/ s\u00e9ance en individuelle<\/p>\n<p>90 \u20ac \/ s\u00e9ance en couple ou famille<\/p>\n<p>100\u20ac (dur\u00e9e 1h30) pour une s\u00e9ance IMO (Int\u00e9gration par les Mouvements Oculaires : technique de neuroth\u00e9rapie des traumas)<\/div><\/div>[\/vc_column][vc_column css=\u00a0\u00bb.vc_custom_1573633962186{padding-top: 170px !important;padding-right: 50px !important;padding-bottom: 170px !important;padding-left: 50px !important;background: #ececec url(http:\/\/therapie-breve-rennes.fr\/wp-content\/uploads\/2019\/11\/bkg-seance2.jpg?id=1740) !important;background-position: center !important;background-repeat: no-repeat !important;background-size: cover !important;}\u00a0\u00bb offset=\u00a0\u00bbvc_col-lg-6 vc_col-md-6 vc_col-xs-12&Prime;][\/vc_column][\/vc_row][vc_row full_width=\u00a0\u00bbstretch_row_content_no_spaces\u00a0\u00bb css=\u00a0\u00bb.vc_custom_1597414428839{margin-right: 2% !important;padding-top: 60px !important;}\u00a0\u00bb][vc_column width=\u00a0\u00bb2\/3&Prime; offset=\u00a0\u00bbvc_col-lg-offset-3 vc_col-lg-6 vc_col-md-offset-3 vc_col-md-6 vc_col-sm-offset-2&Prime;][\/vc_column][vc_column width=\u00a0\u00bb2\/5&Prime; css=\u00a0\u00bb.vc_custom_1597412253786{padding-bottom: -10px !important;}\u00a0\u00bb]<div id=\"ultimate-heading-906869e019c475a4a\" class=\"uvc-heading ult-adjust-bottom-margin ultimate-heading-906869e019c475a4a uvc-9964 \" data-hspacer=\"no_spacer\"  data-halign=\"center\" style=\"text-align:center\"><div class=\"uvc-heading-spacer no_spacer\" style=\"top\"><\/div><div class=\"uvc-main-heading ult-responsive\"  data-ultimate-target='.uvc-heading.ultimate-heading-906869e019c475a4a h2'  data-responsive-json-new='{\"font-size\":\"\",\"line-height\":\"\"}' ><h2 style=\"font-weight:normal;color:#1e73be;margin-bottom:30px;\">Au cabinet de Rennes<\/h2><\/div><div class=\"uvc-sub-heading ult-responsive\"  data-ultimate-target='.uvc-heading.ultimate-heading-906869e019c475a4a .uvc-sub-heading '  data-responsive-json-new='{\"font-size\":\"\",\"line-height\":\"\"}'  style=\"font-weight:normal;color:#000000;margin-bottom:40px;\"><\/p>\n<h6 style=\"text-align: center;\"><strong>Uniquement sur rendez-vous<\/strong><\/h6>\n<p>&nbsp;<\/p>\n<h5 style=\"text-align: center;\"><\/h5>\n<p><\/div><\/div>[\/vc_column][vc_column width=\u00a0\u00bb1\/5&Prime; css=\u00a0\u00bb.vc_custom_1597411549589{padding-bottom: 40px !important;}\u00a0\u00bb]<div class=\"ult-spacer spacer-69e019c475a66\" data-id=\"69e019c475a66\" data-height=\"30\" data-height-mobile=\"10\" data-height-tab=\"20\" data-height-tab-portrait=\"20\" data-height-mobile-landscape=\"10\" style=\"clear:both;display:block;\"><\/div><div class=\"ult-just-icon-wrapper  \"><div class=\"align-icon\" style=\"text-align:center;\">\n<div class=\"aio-icon none \" data-animation=\"rollIn\" data-animation-delay=\"03\" style=\"color:#1e73be;font-size:60px;display:inline-block;\">\n\t<i class=\"Defaults-location-arrow\"><\/i>\n<\/div><\/div><\/div>[\/vc_column][vc_column width=\u00a0\u00bb2\/5&Prime; css=\u00a0\u00bb.vc_custom_1597414381331{margin-right: 5% !important;margin-left: 2% !important;padding-bottom: 40px !important;}\u00a0\u00bb]<div id=\"ultimate-heading-608469e019c475ad9\" class=\"uvc-heading ult-adjust-bottom-margin ultimate-heading-608469e019c475ad9 uvc-1147 \" data-hspacer=\"no_spacer\"  data-halign=\"center\" style=\"text-align:center\"><div class=\"uvc-heading-spacer no_spacer\" style=\"top\"><\/div><div class=\"uvc-sub-heading ult-responsive\"  data-ultimate-target='.uvc-heading.ultimate-heading-608469e019c475ad9 .uvc-sub-heading '  data-responsive-json-new='{\"font-size\":\"\",\"line-height\":\"\"}'  style=\"font-weight:normal;color:#000000;margin-bottom:40px;\"><\/p>\n<h3 style=\"text-align: center;\"><strong>15 rue Emile Souvestre (35000)<\/strong><\/h3>\n<h5 style=\"text-align: center;\">\u00e0 deux pas de la Station de m\u00e9tro Charles de Gaulle<\/h5>\n<p style=\"text-align: center;\"><a href=\"https:\/\/www.google.com\/maps\/place\/15+Rue+%C3%89mile+Souvestre,+35000+Rennes\/@48.1059435,-1.680507,17z\/data=!3m1!4b1!4m5!3m4!1s0x480edfcb0d8d88eb:0xc3010306c83e931e!8m2!3d48.1059399!4d-1.6783183\" target=\"_blank\" rel=\"noopener noreferrer\">LOCALISER LE CABINET DE RENNES<\/a><\/p>\n<p><\/div><\/div>[\/vc_column][vc_column][\/vc_column][\/vc_row][vc_row full_width=\u00a0\u00bbstretch_row_content\u00a0\u00bb bg_type=\u00a0\u00bbimage\u00a0\u00bb parallax_style=\u00a0\u00bbvcpb-default\u00a0\u00bb bg_image_new=\u00a0\u00bbid^1752|url^http:\/\/therapie-breve-rennes.fr\/wp-content\/uploads\/2019\/11\/cabinet.jpg|caption^null|alt^null|title^cabinet|description^null\u00a0\u00bb bg_image_repeat=\u00a0\u00bbno-repeat\u00a0\u00bb bg_img_attach=\u00a0\u00bbfixed\u00a0\u00bb bg_image_posiiton=\u00a0\u00bb-50px\u00a0\u00bb bg_override=\u00a0\u00bbfull\u00a0\u00bb enable_overlay=\u00a0\u00bbenable_overlay_value\u00a0\u00bb overlay_color=\u00a0\u00bbrgba(170,179,184,0.1)\u00a0\u00bb css=\u00a0\u00bb.vc_custom_1583599116681{padding-top: 10% !important;padding-bottom: 10% !important;}\u00a0\u00bb][vc_column width=\u00a0\u00bb2\/3&Prime; css=\u00a0\u00bb.vc_custom_1573635794075{padding-top: 40px !important;padding-right: 40px !important;padding-bottom: 40px !important;padding-left: 40px !important;background-color: rgba(255,255,255,0.9) !important;*background-color: rgb(255,255,255) !important;}\u00a0\u00bb offset=\u00a0\u00bbvc_col-lg-offset-4 vc_col-lg-4 vc_col-md-offset-2 vc_col-md-8 vc_col-sm-offset-2 vc_col-xs-offset-1 vc_col-xs-10&Prime;]<div id=\"ultimate-heading-903769e019c475b05\" class=\"uvc-heading ult-adjust-bottom-margin ultimate-heading-903769e019c475b05 uvc-1175 \" data-hspacer=\"line_only\"  data-halign=\"center\" style=\"text-align:center\"><div class=\"uvc-main-heading ult-responsive\"  data-ultimate-target='.uvc-heading.ultimate-heading-903769e019c475b05 h4'  data-responsive-json-new='{\"font-size\":\"desktop:34px;tablet_portrait:24px;\",\"line-height\":\"desktop:44px;tablet_portrait:34px;\"}' ><h4 style=\"font-weight:normal;color:#1e73be;margin-bottom:20px;\">Prendre rendez-vous<\/h4><\/div><div class=\"uvc-heading-spacer line_only\" style=\"margin-top:10px;margin-bottom:20px;height:1px;\"><span class=\"uvc-headings-line\" style=\"border-style:solid;border-bottom-width:1px;border-color:#000000;width:50px;\"><\/span><\/div><div class=\"uvc-sub-heading ult-responsive\"  data-ultimate-target='.uvc-heading.ultimate-heading-903769e019c475b05 .uvc-sub-heading '  data-responsive-json-new='{\"font-size\":\"desktop:20px;\",\"line-height\":\"desktop:34px;\"}'  style=\"font-weight:normal;color:#000000;\">Par t\u00e9l. : <strong>06 68 99 79 91<\/strong><\/p>\n<p>Par mail : <a href=\"mailto:er.therapie.breve@gmail.com\"><span style=\"color: #000080;\">er.therapie.breve@gmail.com<\/span><\/a><\/div><\/div><div class=\"ult-spacer spacer-69e019c475b1a\" data-id=\"69e019c475b1a\" data-height=\"20\" data-height-mobile=\"20\" data-height-tab=\"20\" data-height-tab-portrait=\"\" data-height-mobile-landscape=\"\" style=\"clear:both;display:block;\"><\/div>[vc_btn title=\u00a0\u00bbJe suis \u00e0 votre \u00e9coute\u00a0\u00bb color=\u00a0\u00bbmulled-wine\u00a0\u00bb size=\u00a0\u00bblg\u00a0\u00bb align=\u00a0\u00bbcenter\u00a0\u00bb i_align=\u00a0\u00bbright\u00a0\u00bb i_type=\u00a0\u00bbthe7&Prime; i_icon_the7=\u00a0\u00bbicomoon-the7-font-the7-arrow-33&Prime; css_animation=\u00a0\u00bbfadeInDown\u00a0\u00bb add_icon=\u00a0\u00bbtrue\u00a0\u00bb smooth_scroll=\u00a0\u00bbtrue\u00a0\u00bb link=\u00a0\u00bburl:http%3A%2F%2Ftherapie-breve-rennes.fr%2Findex.php%2Fprendre-rendez-vous%2F|title:Prendre%20rendez-vous||\u00a0\u00bb][\/vc_column][\/vc_row]<\/p>\n<\/div>","protected":false},"excerpt":{"rendered":"<p>[vc_row equal_height=\u00a0\u00bbyes\u00a0\u00bb content_placement=\u00a0\u00bbtop\u00a0\u00bb css=\u00a0\u00bb.vc_custom_1583599000226{padding-top: 70px !important;padding-bottom: 30px !important;}\u00a0\u00bb][vc_column width=\u00a0\u00bb1\/3&Prime; css=\u00a0\u00bb.vc_custom_1571477821281{padding-bottom: 30px !important;}\u00a0\u00bb][\/vc_column][vc_column width=\u00a0\u00bb2\/3&Prime; css=\u00a0\u00bb.vc_custom_1571477868281{padding-bottom: 30px !important;}\u00a0\u00bb][vc_column_text] L\u2019accompagnement durant la s\u00e9ance vise \u00e0 comprendre, sans jugement, les interactions et les m\u00e9canismes \u00e9motionnels qui se nouent entre les diff\u00e9rents acteurs du probl\u00e8me. Pour aider au changement d\u00e9sir\u00e9, le th\u00e9rapeute syst\u00e9mique\/strat\u00e9gique cherche d\u2019abord comment la personne a tent\u00e9&hellip;<\/p>\n","protected":false},"author":2,"featured_media":0,"parent":0,"menu_order":0,"comment_status":"closed","ping_status":"closed","template":"","meta":{"footnotes":""},"class_list":["post-1733","page","type-page","status-publish","hentry","description-off"],"yoast_head":"<!-- This site is optimized with the Yoast SEO plugin v25.6 - https:\/\/yoast.com\/wordpress\/plugins\/seo\/ -->\n<title>Comment se passe une s\u00e9ance de th\u00e9rapie ? - Th\u00e9rapie Breve Rennes<\/title>\n<meta name=\"description\" content=\"La th\u00e9rapie \/ le coaching met en place, de fa\u00e7on tr\u00e8s concr\u00e8te et pragmatique, une dynamique de changement face aux objectifs de la personne accompagn\u00e9e en lui proposant des t\u00e2ches ou actions \u00e0 r\u00e9aliser d\u2019une s\u00e9ance \u00e0 l\u2019autre.\" \/>\n<meta name=\"robots\" content=\"index, follow, max-snippet:-1, max-image-preview:large, max-video-preview:-1\" \/>\n<link rel=\"canonical\" href=\"https:\/\/therapie-breve-rennes.fr\/index.php\/la-seance\/\" \/>\n<meta property=\"og:locale\" content=\"fr_FR\" \/>\n<meta property=\"og:type\" content=\"article\" \/>\n<meta property=\"og:title\" content=\"Comment se passe une s\u00e9ance de th\u00e9rapie ? - Th\u00e9rapie Breve Rennes\" \/>\n<meta property=\"og:description\" content=\"La th\u00e9rapie \/ le coaching met en place, de fa\u00e7on tr\u00e8s concr\u00e8te et pragmatique, une dynamique de changement face aux objectifs de la personne accompagn\u00e9e en lui proposant des t\u00e2ches ou actions \u00e0 r\u00e9aliser d\u2019une s\u00e9ance \u00e0 l\u2019autre.\" \/>\n<meta property=\"og:url\" content=\"https:\/\/therapie-breve-rennes.fr\/index.php\/la-seance\/\" \/>\n<meta property=\"og:site_name\" content=\"Th\u00e9rapie Br\u00e8ve Rennes\" \/>\n<meta property=\"article:modified_time\" content=\"2023-09-24T07:49:20+00:00\" \/>\n<meta name=\"twitter:card\" content=\"summary_large_image\" \/>\n<meta name=\"twitter:label1\" content=\"Dur\u00e9e de lecture estim\u00e9e\" \/>\n\t<meta name=\"twitter:data1\" content=\"3 minutes\" \/>\n<script type=\"application\/ld+json\" class=\"yoast-schema-graph\">{\"@context\":\"https:\/\/schema.org\",\"@graph\":[{\"@type\":\"WebPage\",\"@id\":\"https:\/\/therapie-breve-rennes.fr\/index.php\/la-seance\/\",\"url\":\"https:\/\/therapie-breve-rennes.fr\/index.php\/la-seance\/\",\"name\":\"Comment se passe une s\u00e9ance de th\u00e9rapie ? - Th\u00e9rapie Breve Rennes\",\"isPartOf\":{\"@id\":\"https:\/\/therapie-breve-rennes.fr\/#website\"},\"datePublished\":\"2019-11-12T18:06:34+00:00\",\"dateModified\":\"2023-09-24T07:49:20+00:00\",\"description\":\"La th\u00e9rapie \/ le coaching met en place, de fa\u00e7on tr\u00e8s concr\u00e8te et pragmatique, une dynamique de changement face aux objectifs de la personne accompagn\u00e9e en lui proposant des t\u00e2ches ou actions \u00e0 r\u00e9aliser d\u2019une s\u00e9ance \u00e0 l\u2019autre.\",\"breadcrumb\":{\"@id\":\"https:\/\/therapie-breve-rennes.fr\/index.php\/la-seance\/#breadcrumb\"},\"inLanguage\":\"fr-FR\",\"potentialAction\":[{\"@type\":\"ReadAction\",\"target\":[\"https:\/\/therapie-breve-rennes.fr\/index.php\/la-seance\/\"]}]},{\"@type\":\"BreadcrumbList\",\"@id\":\"https:\/\/therapie-breve-rennes.fr\/index.php\/la-seance\/#breadcrumb\",\"itemListElement\":[{\"@type\":\"ListItem\",\"position\":1,\"name\":\"Accueil\",\"item\":\"https:\/\/therapie-breve-rennes.fr\/\"},{\"@type\":\"ListItem\",\"position\":2,\"name\":\"D\u00e9roul\u00e9 &#038; lieux\"}]},{\"@type\":\"WebSite\",\"@id\":\"https:\/\/therapie-breve-rennes.fr\/#website\",\"url\":\"https:\/\/therapie-breve-rennes.fr\/\",\"name\":\"Th\u00e9rapie Br\u00e8ve Rennes\",\"description\":\"Accompagner le changement d\u00e9sir\u00e9\",\"publisher\":{\"@id\":\"https:\/\/therapie-breve-rennes.fr\/#organization\"},\"potentialAction\":[{\"@type\":\"SearchAction\",\"target\":{\"@type\":\"EntryPoint\",\"urlTemplate\":\"https:\/\/therapie-breve-rennes.fr\/?s={search_term_string}\"},\"query-input\":{\"@type\":\"PropertyValueSpecification\",\"valueRequired\":true,\"valueName\":\"search_term_string\"}}],\"inLanguage\":\"fr-FR\"},{\"@type\":\"Organization\",\"@id\":\"https:\/\/therapie-breve-rennes.fr\/#organization\",\"name\":\"Emmanuel RENAUD\",\"url\":\"https:\/\/therapie-breve-rennes.fr\/\",\"logo\":{\"@type\":\"ImageObject\",\"inLanguage\":\"fr-FR\",\"@id\":\"https:\/\/therapie-breve-rennes.fr\/#\/schema\/logo\/image\/\",\"url\":\"https:\/\/therapie-breve-rennes.fr\/wp-content\/uploads\/2020\/01\/e-mmanuel-renaud-bleu4-high.png\",\"contentUrl\":\"https:\/\/therapie-breve-rennes.fr\/wp-content\/uploads\/2020\/01\/e-mmanuel-renaud-bleu4-high.png\",\"width\":695,\"height\":175,\"caption\":\"Emmanuel RENAUD\"},\"image\":{\"@id\":\"https:\/\/therapie-breve-rennes.fr\/#\/schema\/logo\/image\/\"}}]}<\/script>\n<!-- \/ Yoast SEO plugin. -->","yoast_head_json":{"title":"Comment se passe une s\u00e9ance de th\u00e9rapie ? - Th\u00e9rapie Breve Rennes","description":"La th\u00e9rapie \/ le coaching met en place, de fa\u00e7on tr\u00e8s concr\u00e8te et pragmatique, une dynamique de changement face aux objectifs de la personne accompagn\u00e9e en lui proposant des t\u00e2ches ou actions \u00e0 r\u00e9aliser d\u2019une s\u00e9ance \u00e0 l\u2019autre.","robots":{"index":"index","follow":"follow","max-snippet":"max-snippet:-1","max-image-preview":"max-image-preview:large","max-video-preview":"max-video-preview:-1"},"canonical":"https:\/\/therapie-breve-rennes.fr\/index.php\/la-seance\/","og_locale":"fr_FR","og_type":"article","og_title":"Comment se passe une s\u00e9ance de th\u00e9rapie ? - Th\u00e9rapie Breve Rennes","og_description":"La th\u00e9rapie \/ le coaching met en place, de fa\u00e7on tr\u00e8s concr\u00e8te et pragmatique, une dynamique de changement face aux objectifs de la personne accompagn\u00e9e en lui proposant des t\u00e2ches ou actions \u00e0 r\u00e9aliser d\u2019une s\u00e9ance \u00e0 l\u2019autre.","og_url":"https:\/\/therapie-breve-rennes.fr\/index.php\/la-seance\/","og_site_name":"Th\u00e9rapie Br\u00e8ve Rennes","article_modified_time":"2023-09-24T07:49:20+00:00","twitter_card":"summary_large_image","twitter_misc":{"Dur\u00e9e de lecture estim\u00e9e":"3 minutes"},"schema":{"@context":"https:\/\/schema.org","@graph":[{"@type":"WebPage","@id":"https:\/\/therapie-breve-rennes.fr\/index.php\/la-seance\/","url":"https:\/\/therapie-breve-rennes.fr\/index.php\/la-seance\/","name":"Comment se passe une s\u00e9ance de th\u00e9rapie ? - Th\u00e9rapie Breve Rennes","isPartOf":{"@id":"https:\/\/therapie-breve-rennes.fr\/#website"},"datePublished":"2019-11-12T18:06:34+00:00","dateModified":"2023-09-24T07:49:20+00:00","description":"La th\u00e9rapie \/ le coaching met en place, de fa\u00e7on tr\u00e8s concr\u00e8te et pragmatique, une dynamique de changement face aux objectifs de la personne accompagn\u00e9e en lui proposant des t\u00e2ches ou actions \u00e0 r\u00e9aliser d\u2019une s\u00e9ance \u00e0 l\u2019autre.","breadcrumb":{"@id":"https:\/\/therapie-breve-rennes.fr\/index.php\/la-seance\/#breadcrumb"},"inLanguage":"fr-FR","potentialAction":[{"@type":"ReadAction","target":["https:\/\/therapie-breve-rennes.fr\/index.php\/la-seance\/"]}]},{"@type":"BreadcrumbList","@id":"https:\/\/therapie-breve-rennes.fr\/index.php\/la-seance\/#breadcrumb","itemListElement":[{"@type":"ListItem","position":1,"name":"Accueil","item":"https:\/\/therapie-breve-rennes.fr\/"},{"@type":"ListItem","position":2,"name":"D\u00e9roul\u00e9 &#038; lieux"}]},{"@type":"WebSite","@id":"https:\/\/therapie-breve-rennes.fr\/#website","url":"https:\/\/therapie-breve-rennes.fr\/","name":"Th\u00e9rapie Br\u00e8ve Rennes","description":"Accompagner le changement d\u00e9sir\u00e9","publisher":{"@id":"https:\/\/therapie-breve-rennes.fr\/#organization"},"potentialAction":[{"@type":"SearchAction","target":{"@type":"EntryPoint","urlTemplate":"https:\/\/therapie-breve-rennes.fr\/?s={search_term_string}"},"query-input":{"@type":"PropertyValueSpecification","valueRequired":true,"valueName":"search_term_string"}}],"inLanguage":"fr-FR"},{"@type":"Organization","@id":"https:\/\/therapie-breve-rennes.fr\/#organization","name":"Emmanuel RENAUD","url":"https:\/\/therapie-breve-rennes.fr\/","logo":{"@type":"ImageObject","inLanguage":"fr-FR","@id":"https:\/\/therapie-breve-rennes.fr\/#\/schema\/logo\/image\/","url":"https:\/\/therapie-breve-rennes.fr\/wp-content\/uploads\/2020\/01\/e-mmanuel-renaud-bleu4-high.png","contentUrl":"https:\/\/therapie-breve-rennes.fr\/wp-content\/uploads\/2020\/01\/e-mmanuel-renaud-bleu4-high.png","width":695,"height":175,"caption":"Emmanuel RENAUD"},"image":{"@id":"https:\/\/therapie-breve-rennes.fr\/#\/schema\/logo\/image\/"}}]}},"_links":{"self":[{"href":"https:\/\/therapie-breve-rennes.fr\/index.php\/wp-json\/wp\/v2\/pages\/1733"}],"collection":[{"href":"https:\/\/therapie-breve-rennes.fr\/index.php\/wp-json\/wp\/v2\/pages"}],"about":[{"href":"https:\/\/therapie-breve-rennes.fr\/index.php\/wp-json\/wp\/v2\/types\/page"}],"author":[{"embeddable":true,"href":"https:\/\/therapie-breve-rennes.fr\/index.php\/wp-json\/wp\/v2\/users\/2"}],"replies":[{"embeddable":true,"href":"https:\/\/therapie-breve-rennes.fr\/index.php\/wp-json\/wp\/v2\/comments?post=1733"}],"version-history":[{"count":99,"href":"https:\/\/therapie-breve-rennes.fr\/index.php\/wp-json\/wp\/v2\/pages\/1733\/revisions"}],"predecessor-version":[{"id":2675,"href":"https:\/\/therapie-breve-rennes.fr\/index.php\/wp-json\/wp\/v2\/pages\/1733\/revisions\/2675"}],"wp:attachment":[{"href":"https:\/\/therapie-breve-rennes.fr\/index.php\/wp-json\/wp\/v2\/media?parent=1733"}],"curies":[{"name":"wp","href":"https:\/\/api.w.org\/{rel}","templated":true}]}}